{"id":1487,"date":"2023-01-31T20:29:45","date_gmt":"2023-01-31T19:29:45","guid":{"rendered":"http:\/\/test6.agencjaefekt.pl\/?page_id=1487"},"modified":"2024-11-04T02:07:13","modified_gmt":"2024-11-04T01:07:13","slug":"pomoc-dla-gabrysi","status":"publish","type":"page","link":"https:\/\/www.kultura2000.pl\/index.php\/strona-glowna\/pomoc-dla-gabrysi\/","title":{"rendered":"pomoc dla Gabrysi"},"content":{"rendered":"\t\t<div data-elementor-type=\"wp-page\" data-elementor-id=\"1487\" class=\"elementor elementor-1487\">\n\t\t\t\t\t\t<section class=\"elementor-section elementor-top-section elementor-element elementor-element-5f1691ae elementor-section-boxed elementor-section-height-default elementor-section-height-default\" data-id=\"5f1691ae\" data-element_type=\"section\" data-settings=\"{&quot;background_background&quot;:&quot;classic&quot;}\">\n\t\t\t\t\t\t<div class=\"elementor-container elementor-column-gap-default\">\n\t\t\t\t\t<div class=\"elementor-column elementor-col-50 elementor-top-column elementor-element elementor-element-40519353\" data-id=\"40519353\" data-element_type=\"column\">\n\t\t\t<div class=\"elementor-widget-wrap elementor-element-populated\">\n\t\t\t\t\t\t<div class=\"elementor-element elementor-element-425ee09e elementor-invisible elementor-widget elementor-widget-image-carousel\" data-id=\"425ee09e\" data-element_type=\"widget\" data-settings=\"{&quot;slides_to_show&quot;:&quot;1&quot;,&quot;navigation&quot;:&quot;none&quot;,&quot;pause_on_hover&quot;:&quot;no&quot;,&quot;effect&quot;:&quot;fade&quot;,&quot;speed&quot;:800,&quot;_animation&quot;:&quot;fadeIn&quot;,&quot;_animation_delay&quot;:500,&quot;autoplay&quot;:&quot;yes&quot;,&quot;pause_on_interaction&quot;:&quot;yes&quot;,&quot;autoplay_speed&quot;:5000,&quot;infinite&quot;:&quot;yes&quot;}\" data-widget_type=\"image-carousel.default\">\n\t\t\t\t<div class=\"elementor-widget-container\">\n\t\t\t\t\t<div class=\"elementor-image-carousel-wrapper swiper\" dir=\"ltr\">\n\t\t\t<div class=\"elementor-image-carousel swiper-wrapper\" aria-live=\"off\">\n\t\t\t\t\t\t\t\t<div class=\"swiper-slide\" role=\"group\" aria-roledescription=\"slide\" aria-label=\"1 z 4\"><figure class=\"swiper-slide-inner\"><img decoding=\"async\" class=\"swiper-slide-image\" src=\"https:\/\/www.kultura2000.pl\/wp-content\/uploads\/elementor\/thumbs\/2-2-rete369fytaah6mqcnnvmrpdvjevpo5bg0q1p0rgc0.jpg\" alt=\"2\" \/><\/figure><\/div><div class=\"swiper-slide\" role=\"group\" aria-roledescription=\"slide\" aria-label=\"2 z 4\"><figure class=\"swiper-slide-inner\"><img decoding=\"async\" class=\"swiper-slide-image\" src=\"https:\/\/www.kultura2000.pl\/wp-content\/uploads\/elementor\/thumbs\/1-2-rete369fytaah6mqcnnvmrpdvjevpo5bg0q1p0rgc0.jpg\" alt=\"1\" \/><\/figure><\/div><div class=\"swiper-slide\" role=\"group\" aria-roledescription=\"slide\" aria-label=\"3 z 4\"><figure class=\"swiper-slide-inner\"><img decoding=\"async\" class=\"swiper-slide-image\" src=\"https:\/\/www.kultura2000.pl\/wp-content\/uploads\/elementor\/thumbs\/3-2-rete369fytaah6mqcnnvmrpdvjevpo5bg0q1p0rgc0.jpg\" alt=\"3\" \/><\/figure><\/div><div class=\"swiper-slide\" role=\"group\" aria-roledescription=\"slide\" aria-label=\"4 z 4\"><figure class=\"swiper-slide-inner\"><img decoding=\"async\" class=\"swiper-slide-image\" src=\"https:\/\/www.kultura2000.pl\/wp-content\/uploads\/elementor\/thumbs\/4-1-rete3854chcv4ek01oh4rr8b2b5m52cs4a10nkonzk.jpg\" alt=\"4\" \/><\/figure><\/div>\t\t\t<\/div>\n\t\t\t\t\t\t\t\n\t\t\t\t\t\t\t\t\t<\/div>\n\t\t\t\t<\/div>\n\t\t\t\t<\/div>\n\t\t\t\t\t<\/div>\n\t\t<\/div>\n\t\t\t\t<div class=\"elementor-column elementor-col-50 elementor-top-column elementor-element elementor-element-7753a667\" data-id=\"7753a667\" data-element_type=\"column\">\n\t\t\t<div class=\"elementor-widget-wrap elementor-element-populated\">\n\t\t\t\t\t\t<div class=\"elementor-element elementor-element-3d04345c animated-fast elementor-invisible elementor-widget elementor-widget-heading\" data-id=\"3d04345c\" data-element_type=\"widget\" data-settings=\"{&quot;_animation&quot;:&quot;fadeInUp&quot;,&quot;_animation_delay&quot;:500}\" data-widget_type=\"heading.default\">\n\t\t\t\t<div class=\"elementor-widget-container\">\n\t\t\t<h1 class=\"elementor-heading-title elementor-size-default\">Pomoc dla Gabrysi<\/h1>\t\t<\/div>\n\t\t\t\t<\/div>\n\t\t\t\t<div class=\"elementor-element elementor-element-50416b8e animated-fast elementor-invisible elementor-widget elementor-widget-text-editor\" data-id=\"50416b8e\" data-element_type=\"widget\" data-settings=\"{&quot;_animation&quot;:&quot;fadeInUp&quot;}\" data-widget_type=\"text-editor.default\">\n\t\t\t\t<div class=\"elementor-widget-container\">\n\t\t\t\t\t\t\t<p><span style=\"font-size: 22.4px;\">Moi drodzy chcia\u0142abym przedstawi\u0107 Wam Gabrysi\u0119\u00a0 . Ta urocza dziewczynka ma 7 miesi\u0119cy, jest nad wyraz radosnym i u\u015bmiechni\u0119tym dzieckiem. Rodzice starali si\u0119 o ten skarb 11 lat. Niestety nie napisano im opowie\u015bci jak z bajki&#8230;<br \/>Gabrysia zaraz po urodzeniu i przywitaniu swojego rodzinnego domu dosta\u0142a ostrej \u017c\u00f3\u0142taczki.\u00a0Ju\u017c po kilku dniach trafi\u0142a z powrotem do szpitala. Tam\u00a0lekarze stwierdzili atrezje dr\u00f3g \u017c\u00f3\u0142ciowych.<\/span><\/p>\t\t\t\t\t\t<\/div>\n\t\t\t\t<\/div>\n\t\t\t\t\t<\/div>\n\t\t<\/div>\n\t\t\t\t\t<\/div>\n\t\t<\/section>\n\t\t\t\t<section class=\"elementor-section elementor-top-section elementor-element elementor-element-7068267d elementor-section-boxed elementor-section-height-default elementor-section-height-default\" data-id=\"7068267d\" data-element_type=\"section\" data-settings=\"{&quot;background_background&quot;:&quot;classic&quot;}\">\n\t\t\t\t\t\t<div class=\"elementor-container elementor-column-gap-default\">\n\t\t\t\t\t<div class=\"elementor-column elementor-col-100 elementor-top-column elementor-element elementor-element-72ae46d7\" data-id=\"72ae46d7\" data-element_type=\"column\">\n\t\t\t<div class=\"elementor-widget-wrap elementor-element-populated\">\n\t\t\t\t\t\t<div class=\"elementor-element elementor-element-314027ad animated-fast elementor-invisible elementor-widget elementor-widget-text-editor\" data-id=\"314027ad\" data-element_type=\"widget\" data-settings=\"{&quot;_animation&quot;:&quot;fadeInUp&quot;}\" data-widget_type=\"text-editor.default\">\n\t\t\t\t<div class=\"elementor-widget-container\">\n\t\t\t\t\t\t\t<p><span style=\"font-size: 22.4px;\">Ta kruszynka ju\u017c w pierwszym miesi\u0105cu \u017cycia musia\u0142a przej\u015b\u0107 operacje. Niestety stan Gabrysi ci\u0105gle si\u0119 pogarsza\u0142, w tej chwili dziewczynka jest zakwalifikowana do przeszczepu w\u0105troby w trybie pilnym. Gabrysia jest z mam\u0105 w Centrum Zdrowia Dziecka w Warszawie. Nie mo\u017ce wyj\u015b\u0107 do domku nawet na ma\u0142\u0105 przepustk\u0119 bo ci\u0105gle s\u0105 jakie\u015b komplikacje. Ta kruszynka ma powi\u0119kszon\u0105 \u015bledzion\u0119 o 10 cm (w tak ma\u0142ym cia\u0142ku!). Ma wodobrzusze, do tego dochodz\u0105 ci\u0105g\u0142e stany zapalne niewiadomego pochodzenia. Tata Gabrysi chce by\u0107 dawc\u0105 w\u0105troby dla c\u00f3reczki. Trzymamy kciuki aby badania przebieg\u0142y pomy\u015blnie i wszystko si\u0119 uda\u0142o. Choroba Gabrysi niestety poch\u0142ania bardzo du\u017ce fundusze rodziny. Ci\u0105g\u0142e dojazdy do szpitala oddalonego o prawie 500km, koszty rehabilitacji dziewczynki, koszty nocleg\u00f3w i wy\u017cywienia dla rodzic\u00f3w, koszty lek\u00f3w. A to nie koniec, po przeszczepie dziewczynka b\u0119dzie musia\u0142a przyjmowa\u0107 leki do ko\u0144ca \u017cycia. Niezb\u0119dna b\u0119dzie te\u017c rehabilitacja aby malutka mog\u0142a nadrobi\u0107 czas choroby oraz ci\u0105g\u0142e wizyty kontrolne zwi\u0105zane z dalekimi dojazdami.\u00a0 To jest ponad mo\u017cliwo\u015bci finansowe rodziny, a Gabrysia wymaga ca\u0142odobowej opieki. Liczymy na Wasze ogromne serca\u00a0 i wsparcie.<br \/>Zapraszamy na grup\u0119 licytacyjn\u0105 dla Gabrysi:\u00a0<a href=\"https:\/\/www.facebook.com\/groups\/RazemDlaGabrysi\">#RazemDlaGabrysi<\/a><\/span><\/p>\t\t\t\t\t\t<\/div>\n\t\t\t\t<\/div>\n\t\t\t\t\t<\/div>\n\t\t<\/div>\n\t\t\t\t\t<\/div>\n\t\t<\/section>\n\t\t\t\t<section class=\"elementor-section elementor-top-section elementor-element elementor-element-5308f098 elementor-section-boxed elementor-section-height-default elementor-section-height-default\" data-id=\"5308f098\" data-element_type=\"section\" data-settings=\"{&quot;background_background&quot;:&quot;classic&quot;}\">\n\t\t\t\t\t\t<div class=\"elementor-container elementor-column-gap-default\">\n\t\t\t\t\t<div class=\"elementor-column elementor-col-50 elementor-top-column elementor-element elementor-element-1895580a\" data-id=\"1895580a\" data-element_type=\"column\">\n\t\t\t<div class=\"elementor-widget-wrap elementor-element-populated\">\n\t\t\t\t\t\t<div class=\"elementor-element elementor-element-e819b8e elementor-invisible elementor-widget elementor-widget-image-carousel\" data-id=\"e819b8e\" data-element_type=\"widget\" data-settings=\"{&quot;slides_to_show&quot;:&quot;1&quot;,&quot;navigation&quot;:&quot;none&quot;,&quot;pause_on_hover&quot;:&quot;no&quot;,&quot;effect&quot;:&quot;fade&quot;,&quot;speed&quot;:800,&quot;_animation&quot;:&quot;fadeIn&quot;,&quot;_animation_delay&quot;:500,&quot;autoplay&quot;:&quot;yes&quot;,&quot;pause_on_interaction&quot;:&quot;yes&quot;,&quot;autoplay_speed&quot;:5000,&quot;infinite&quot;:&quot;yes&quot;}\" data-widget_type=\"image-carousel.default\">\n\t\t\t\t<div class=\"elementor-widget-container\">\n\t\t\t\t\t<div class=\"elementor-image-carousel-wrapper swiper\" dir=\"ltr\">\n\t\t\t<div class=\"elementor-image-carousel swiper-wrapper\" aria-live=\"off\">\n\t\t\t\t\t\t\t\t<div class=\"swiper-slide\" role=\"group\" aria-roledescription=\"slide\" aria-label=\"1 z 1\"><figure class=\"swiper-slide-inner\"><img decoding=\"async\" class=\"swiper-slide-image\" src=\"https:\/\/www.kultura2000.pl\/wp-content\/uploads\/elementor\/thumbs\/111-rete3854chcv4ek01oh4rr8b2b5m52cs4a10nkonzk.jpg\" alt=\"111\" \/><\/figure><\/div>\t\t\t<\/div>\n\t\t\t\t\t<\/div>\n\t\t\t\t<\/div>\n\t\t\t\t<\/div>\n\t\t\t\t\t<\/div>\n\t\t<\/div>\n\t\t\t\t<div class=\"elementor-column elementor-col-50 elementor-top-column elementor-element elementor-element-40596d2\" data-id=\"40596d2\" data-element_type=\"column\">\n\t\t\t<div class=\"elementor-widget-wrap elementor-element-populated\">\n\t\t\t\t\t\t<div class=\"elementor-element elementor-element-44ef3459 animated-fast elementor-invisible elementor-widget elementor-widget-heading\" data-id=\"44ef3459\" data-element_type=\"widget\" data-settings=\"{&quot;_animation&quot;:&quot;fadeInUp&quot;,&quot;_animation_delay&quot;:500}\" data-widget_type=\"heading.default\">\n\t\t\t\t<div class=\"elementor-widget-container\">\n\t\t\t<h1 class=\"elementor-heading-title elementor-size-default\">Zbi\u00f3rka publiczna \"Pomoc dla Gabrysi\" nr 2022\/4927\/OR<\/h1>\t\t<\/div>\n\t\t\t\t<\/div>\n\t\t\t\t<div class=\"elementor-element elementor-element-1a83653a animated-fast elementor-invisible elementor-widget elementor-widget-text-editor\" data-id=\"1a83653a\" data-element_type=\"widget\" data-settings=\"{&quot;_animation&quot;:&quot;fadeInUp&quot;}\" data-widget_type=\"text-editor.default\">\n\t\t\t\t<div class=\"elementor-widget-container\">\n\t\t\t\t\t\t\t<p>Od dnia 3 listopada 2022 roku Fundacja Kultura 2000 prowadzi zbi\u00f3rk\u0119 publiczn\u0105 do skarbon kwestarskich dla ci\u0119\u017cko chorej Gabrysi. Zbi\u00f3rka jest zarejestrowana pod nr. 2022\/4927\/OR.\u00a0 Datki zebrane do skarbon b\u0119d\u0105 w ca\u0142o\u015bci przeznaczone na leczenie i rehabilitacj\u0119 dziewczynki. Fundacja odst\u0105pi\u0142a od pobierania op\u0142aty manipulacyjnej zgodnie z \u00a79 <a style=\"font-style: inherit; font-weight: inherit; letter-spacing: 0px;\" href=\"https:\/\/www.kultura2000.pl\/pliki\/regulamin_zbiorka_publiczna.pdf\">regulaminu gromadzenia i wydatkowania \u015brodk\u00f3w pieni\u0119\u017cnych na subkontach podopiecznych w Fundacji \u201eKultura 2000\u201d<\/a>\u00a0dla zbi\u00f3rki nr 2022\/4927\/OR.<\/p>\t\t\t\t\t\t<\/div>\n\t\t\t\t<\/div>\n\t\t\t\t\t<\/div>\n\t\t<\/div>\n\t\t\t\t\t<\/div>\n\t\t<\/section>\n\t\t\t\t<section class=\"elementor-section elementor-top-section elementor-element elementor-element-1a9363c0 elementor-section-boxed elementor-section-height-default elementor-section-height-default\" data-id=\"1a9363c0\" data-element_type=\"section\" data-settings=\"{&quot;background_background&quot;:&quot;classic&quot;}\">\n\t\t\t\t\t\t<div class=\"elementor-container elementor-column-gap-default\">\n\t\t\t\t\t<div class=\"elementor-column elementor-col-50 elementor-top-column elementor-element elementor-element-628b0950\" data-id=\"628b0950\" data-element_type=\"column\">\n\t\t\t<div class=\"elementor-widget-wrap elementor-element-populated\">\n\t\t\t\t\t\t<div class=\"elementor-element elementor-element-7a677dde animated-fast elementor-invisible elementor-widget elementor-widget-heading\" data-id=\"7a677dde\" data-element_type=\"widget\" data-settings=\"{&quot;_animation&quot;:&quot;fadeInUp&quot;,&quot;_animation_delay&quot;:500}\" data-widget_type=\"heading.default\">\n\t\t\t\t<div class=\"elementor-widget-container\">\n\t\t\t<h1 class=\"elementor-heading-title elementor-size-default\">Sprawozdanie nr 1 z dnia 24.01.2023 z otwarcia skarbon<br>\"Pomoc dla Gabrysi\"<\/h1>\t\t<\/div>\n\t\t\t\t<\/div>\n\t\t\t\t<div class=\"elementor-element elementor-element-27228591 animated-fast elementor-invisible elementor-widget elementor-widget-text-editor\" data-id=\"27228591\" data-element_type=\"widget\" data-settings=\"{&quot;_animation&quot;:&quot;fadeInUp&quot;}\" data-widget_type=\"text-editor.default\">\n\t\t\t\t<div class=\"elementor-widget-container\">\n\t\t\t\t\t\t\t<p>W dniu 24-01-2022 Fundacja Kultura 2000 dokona\u0142a komisyjnego otwarcia puszek kwestarskich do kt\u00f3rych prowadzona by\u0142a zbi\u00f3rka publiczna nr. 2022\/4927\/OR.\u00a0<\/p>\t\t\t\t\t\t<\/div>\n\t\t\t\t<\/div>\n\t\t\t\t<div class=\"elementor-element elementor-element-74631b4e elementor-align-justify elementor-tablet-align-justify elementor-mobile-align-justify elementor-widget-tablet__width-inherit elementor-invisible elementor-widget elementor-widget-button\" data-id=\"74631b4e\" data-element_type=\"widget\" data-settings=\"{&quot;_animation&quot;:&quot;fadeIn&quot;,&quot;_animation_delay&quot;:300}\" data-widget_type=\"button.default\">\n\t\t\t\t<div class=\"elementor-widget-container\">\n\t\t\t\t\t\t\t<div class=\"elementor-button-wrapper\">\n\t\t\t\t\t<a class=\"elementor-button elementor-button-link elementor-size-sm\" href=\"http:\/\/www.kultura2000.pl\/pliki\/sprawozdanie_01_pomoc_dla_gabrysi.pdf\">\n\t\t\t\t\t\t<span class=\"elementor-button-content-wrapper\">\n\t\t\t\t\t\t<span class=\"elementor-button-icon\">\n\t\t\t\t<i aria-hidden=\"true\" class=\"fas fa-play\"><\/i>\t\t\t<\/span>\n\t\t\t\t\t\t\t\t\t<span class=\"elementor-button-text\">sprawozdanie z otwarcia skarbon<\/span>\n\t\t\t\t\t<\/span>\n\t\t\t\t\t<\/a>\n\t\t\t\t<\/div>\n\t\t\t\t\t\t<\/div>\n\t\t\t\t<\/div>\n\t\t\t\t\t<\/div>\n\t\t<\/div>\n\t\t\t\t<div class=\"elementor-column elementor-col-50 elementor-top-column elementor-element elementor-element-5b9e14f3\" data-id=\"5b9e14f3\" data-element_type=\"column\">\n\t\t\t<div class=\"elementor-widget-wrap elementor-element-populated\">\n\t\t\t\t\t\t<div class=\"elementor-element elementor-element-2ccafb6f elementor-invisible elementor-widget elementor-widget-image-carousel\" data-id=\"2ccafb6f\" data-element_type=\"widget\" data-settings=\"{&quot;slides_to_show&quot;:&quot;1&quot;,&quot;navigation&quot;:&quot;none&quot;,&quot;pause_on_hover&quot;:&quot;no&quot;,&quot;effect&quot;:&quot;fade&quot;,&quot;speed&quot;:800,&quot;_animation&quot;:&quot;fadeIn&quot;,&quot;_animation_delay&quot;:500,&quot;autoplay&quot;:&quot;yes&quot;,&quot;pause_on_interaction&quot;:&quot;yes&quot;,&quot;autoplay_speed&quot;:5000,&quot;infinite&quot;:&quot;yes&quot;}\" data-widget_type=\"image-carousel.default\">\n\t\t\t\t<div class=\"elementor-widget-container\">\n\t\t\t\t\t<div class=\"elementor-image-carousel-wrapper swiper\" dir=\"ltr\">\n\t\t\t<div class=\"elementor-image-carousel swiper-wrapper\" aria-live=\"off\">\n\t\t\t\t\t\t\t\t<div class=\"swiper-slide\" role=\"group\" aria-roledescription=\"slide\" aria-label=\"1 z 3\"><figure class=\"swiper-slide-inner\"><img decoding=\"async\" class=\"swiper-slide-image\" src=\"https:\/\/www.kultura2000.pl\/wp-content\/uploads\/elementor\/thumbs\/1-3-rete369fytaah6mqcnnvmrpdvjevpo5bg0q1p0rgc0.jpg\" alt=\"1\" \/><\/figure><\/div><div class=\"swiper-slide\" role=\"group\" aria-roledescription=\"slide\" aria-label=\"2 z 3\"><figure class=\"swiper-slide-inner\"><img decoding=\"async\" class=\"swiper-slide-image\" src=\"https:\/\/www.kultura2000.pl\/wp-content\/uploads\/elementor\/thumbs\/3-3-rete369fytaah6mqcnnvmrpdvjevpo5bg0q1p0rgc0.jpg\" alt=\"3\" \/><\/figure><\/div><div class=\"swiper-slide\" role=\"group\" aria-roledescription=\"slide\" aria-label=\"3 z 3\"><figure class=\"swiper-slide-inner\"><img decoding=\"async\" class=\"swiper-slide-image\" src=\"https:\/\/www.kultura2000.pl\/wp-content\/uploads\/elementor\/thumbs\/2-3-rete369fytaah6mqcnnvmrpdvjevpo5bg0q1p0rgc0.jpg\" alt=\"2\" \/><\/figure><\/div>\t\t\t<\/div>\n\t\t\t\t\t\t\t\n\t\t\t\t\t\t\t\t\t<\/div>\n\t\t\t\t<\/div>\n\t\t\t\t<\/div>\n\t\t\t\t\t<\/div>\n\t\t<\/div>\n\t\t\t\t\t<\/div>\n\t\t<\/section>\n\t\t\t\t<section class=\"elementor-section elementor-top-section elementor-element elementor-element-b3ff6d2 elementor-section-boxed elementor-section-height-default elementor-section-height-default\" data-id=\"b3ff6d2\" data-element_type=\"section\" data-settings=\"{&quot;background_background&quot;:&quot;classic&quot;}\">\n\t\t\t\t\t\t<div class=\"elementor-container elementor-column-gap-default\">\n\t\t\t\t\t<div class=\"elementor-column elementor-col-100 elementor-top-column elementor-element elementor-element-fd557d5\" data-id=\"fd557d5\" data-element_type=\"column\">\n\t\t\t<div class=\"elementor-widget-wrap elementor-element-populated\">\n\t\t\t\t\t\t<div class=\"elementor-element elementor-element-7f9c452 animated-fast elementor-invisible elementor-widget elementor-widget-text-editor\" data-id=\"7f9c452\" data-element_type=\"widget\" data-settings=\"{&quot;_animation&quot;:&quot;fadeInUp&quot;}\" data-widget_type=\"text-editor.default\">\n\t\t\t\t<div class=\"elementor-widget-container\">\n\t\t\t\t\t\t\t<p><span style=\"font-size: 22.4px;\">Pragniemy bardzo gor\u0105co podzi\u0119kowa\u0107 organizatorom, wsp\u00f3\u0142organizatorom, wolontariuszom oraz wszystkim partnerom za wzi\u0119cie udzia\u0142u w zbi\u00f3rce do skarbon kwestarskich.\u00a0<\/span><span style=\"font-style: inherit; font-weight: inherit; letter-spacing: 0px;\">Dzi\u0119kujemy r\u00f3wnie\u017c wszystkim darczy\u0144com. Jeste\u015bcie naprawd\u0119 niesamowici.<br \/>Poni\u017cej przedstawiamy zestawienie wynik\u00f3w zbi\u00f3rki w poszczeg\u00f3lnych akcjach:<br \/><span style=\"color: #23ab70;\">At NIGHT Wa\u0142brzych <\/span>&#8211; 823.24 z\u0142 i 100 koron czeskich,<br \/><span style=\"color: #23ab70;\">OMV Wa\u0142brzyski Mistrz Kierownicy R5<\/span> &#8211; 2160 z\u0142 i 2 euro,<br \/><span style=\"color: #23ab70;\">Rajd zimowy Walim<\/span> &#8211; 1417 z\u0142,<br \/><span style=\"color: #23ab70;\">Zesp\u00f3\u0142 Pie\u015bni i Ta\u0144ca &#8222;Wa\u0142brzych&#8221; koncert ,,Ku wolno\u015bci,,<\/span> &#8211; 3219,72 z\u0142 i 16 euro,<br \/><span style=\"color: #23ab70;\">Mierosz\u00f3w gmina jarmark bo\u017conarodzeniowy <\/span> &#8211; 1543.92 z\u0142,<br \/><span style=\"color: #23ab70;\">Verona Verona Pawe\u0142 D\u0119bicki koncert Soboty<\/span> &#8211; 2199.78 z\u0142,<br \/><span style=\"color: #23ab70;\">Stara Kopalnia &#8211; Centrum Nauki i Sztuki &#8211; bo\u017conarodzeniowe kol\u0119dowanie<\/span> \u2013 4965,18 z\u0142,<br \/><span style=\"color: #23ab70;\">Publiczna Szko\u0142a Podstawowa nr 2 im Or\u0142a Bia\u0142ego \u2013 kiermasz<\/span> &#8211; 610.87 z\u0142.<\/span><\/p><p><span style=\"font-style: inherit; font-weight: inherit; letter-spacing: 0px;\">Razem zebrali\u015bmy: 16939.71 z\u0142, 16 euro i 100 KCZ.<\/span><\/p><p><span style=\"font-size: 22.4px;\">Saldo subkonta 220-000101 Gabriela W\u0105siel<\/span><span style=\"font-style: inherit; font-weight: inherit; letter-spacing: 0px;\">\u00a0na dzie\u0144 24-01-2023 wynosi: 17 044,38 PLN<\/span><\/p>\t\t\t\t\t\t<\/div>\n\t\t\t\t<\/div>\n\t\t\t\t\t<\/div>\n\t\t<\/div>\n\t\t\t\t\t<\/div>\n\t\t<\/section>\n\t\t\t\t<section class=\"elementor-section elementor-top-section elementor-element elementor-element-27aed1d elementor-section-boxed elementor-section-height-default elementor-section-height-default\" data-id=\"27aed1d\" data-element_type=\"section\" data-settings=\"{&quot;background_background&quot;:&quot;classic&quot;}\">\n\t\t\t\t\t\t<div class=\"elementor-container elementor-column-gap-default\">\n\t\t\t\t\t<div class=\"elementor-column elementor-col-100 elementor-top-column elementor-element elementor-element-a60d9c4\" data-id=\"a60d9c4\" data-element_type=\"column\">\n\t\t\t<div class=\"elementor-widget-wrap elementor-element-populated\">\n\t\t\t\t\t\t<div class=\"elementor-element elementor-element-34fabb6 animated-fast elementor-invisible elementor-widget elementor-widget-heading\" data-id=\"34fabb6\" data-element_type=\"widget\" data-settings=\"{&quot;_animation&quot;:&quot;fadeInUp&quot;,&quot;_animation_delay&quot;:500}\" data-widget_type=\"heading.default\">\n\t\t\t\t<div class=\"elementor-widget-container\">\n\t\t\t<h1 class=\"elementor-heading-title elementor-size-default\">Dokumenty do pobrania \"Pomoc dla Gabrysi\"<\/h1>\t\t<\/div>\n\t\t\t\t<\/div>\n\t\t\t\t<div class=\"elementor-element elementor-element-4f31f5b animated-fast elementor-invisible elementor-widget elementor-widget-text-editor\" data-id=\"4f31f5b\" data-element_type=\"widget\" data-settings=\"{&quot;_animation&quot;:&quot;fadeInUp&quot;}\" data-widget_type=\"text-editor.default\">\n\t\t\t\t<div class=\"elementor-widget-container\">\n\t\t\t\t\t\t\t<ul>\n \t<li><a href=\"http:\/\/www.kultura2000.pl\/pliki\/sprawozdanie_01_pomoc_dla_gabrysi.pdf\">Sprawozdanie nr 1 z otwarcia skarbon z dnia 24.01.2023 <\/a><\/li>\n \t<li>\u00a0<a href=\"http:\/\/www.kultura2000.pl\/pliki\/regulamin_zbiorka_publiczna.pdf\">Regulamin zbi\u00f3rki publicznej nr. 2022\/4927\/OR<\/a><\/li>\n<\/ul>\t\t\t\t\t\t<\/div>\n\t\t\t\t<\/div>\n\t\t\t\t\t<\/div>\n\t\t<\/div>\n\t\t\t\t\t<\/div>\n\t\t<\/section>\n\t\t\t\t<\/div>\n\t\t","protected":false},"excerpt":{"rendered":"<p>Pomoc dla Gabrysi Moi drodzy chcia\u0142abym przedstawi\u0107 Wam Gabrysi\u0119\u00a0 . Ta urocza dziewczynka ma 7 miesi\u0119cy, jest nad wyraz radosnym i u\u015bmiechni\u0119tym dzieckiem. Rodzice starali si\u0119 o ten skarb 11 lat. Niestety nie napisano im opowie\u015bci jak z bajki&#8230;Gabrysia zaraz po urodzeniu i przywitaniu swojego rodzinnego domu dosta\u0142a ostrej \u017c\u00f3\u0142taczki.\u00a0Ju\u017c po kilku dniach trafi\u0142a z [&hellip;]<\/p>\n","protected":false},"author":1,"featured_media":0,"parent":798,"menu_order":1,"comment_status":"closed","ping_status":"closed","template":"page-templates\/pagebuilder.php","meta":{"zakra_sidebar_layout":"customizer","zakra_remove_content_margin":false,"zakra_sidebar":"customizer","zakra_transparent_header":"customizer","zakra_logo":0,"zakra_main_header_style":"default","zakra_menu_item_color":"","zakra_menu_item_hover_color":"","zakra_menu_item_active_color":"","zakra_menu_active_style":"zakra_menu_active_style","zakra_page_header":true,"footnotes":""},"class_list":["post-1487","page","type-page","status-publish","hentry"],"_links":{"self":[{"href":"https:\/\/www.kultura2000.pl\/index.php\/wp-json\/wp\/v2\/pages\/1487","targetHints":{"allow":["GET"]}}],"collection":[{"href":"https:\/\/www.kultura2000.pl\/index.php\/wp-json\/wp\/v2\/pages"}],"about":[{"href":"https:\/\/www.kultura2000.pl\/index.php\/wp-json\/wp\/v2\/types\/page"}],"author":[{"embeddable":true,"href":"https:\/\/www.kultura2000.pl\/index.php\/wp-json\/wp\/v2\/users\/1"}],"replies":[{"embeddable":true,"href":"https:\/\/www.kultura2000.pl\/index.php\/wp-json\/wp\/v2\/comments?post=1487"}],"version-history":[{"count":136,"href":"https:\/\/www.kultura2000.pl\/index.php\/wp-json\/wp\/v2\/pages\/1487\/revisions"}],"predecessor-version":[{"id":1728,"href":"https:\/\/www.kultura2000.pl\/index.php\/wp-json\/wp\/v2\/pages\/1487\/revisions\/1728"}],"up":[{"embeddable":true,"href":"https:\/\/www.kultura2000.pl\/index.php\/wp-json\/wp\/v2\/pages\/798"}],"wp:attachment":[{"href":"https:\/\/www.kultura2000.pl\/index.php\/wp-json\/wp\/v2\/media?parent=1487"}],"curies":[{"name":"wp","href":"https:\/\/api.w.org\/{rel}","templated":true}]}}